{"id":2,"date":"2018-06-16T20:43:24","date_gmt":"2018-06-16T20:43:24","guid":{"rendered":"https:\/\/dyrlaegenet.dk\/?page_id=2"},"modified":"2018-06-16T22:02:34","modified_gmt":"2018-06-16T21:02:34","slug":"sample-page","status":"publish","type":"page","link":"https:\/\/dyrlaegenet.dk\/","title":{"rendered":"Dyrl\u00e6genet.dk &#8211; Forside"},"content":{"rendered":"<p>Dyrl\u00e6genet er et samarbejde og netv\u00e6rk imellem dyrl\u00e6ger og dyrl\u00e6gevirksomheder.<\/p>\n<p>Kontakt:<\/p>\n<p>Dyrl\u00e6genet v. Kristian Kamstrup<\/p>\n<p>Herlev Ringvej 9<\/p>\n<p>2730 Herlev<\/p>\n<p>&nbsp;<\/p>\n<p>Tlf: Ring til Herlev Dyreklinik eller Netdyrl\u00e6ge.dk<\/p>\n<p>&nbsp;<\/p>\n","protected":false},"excerpt":{"rendered":"<p>Dyrl\u00e6genet er et samarbejde og netv\u00e6rk imellem dyrl\u00e6ger og dyrl\u00e6gevirksomheder. Kontakt: Dyrl\u00e6genet v. Kristian Kamstrup Herlev Ringvej 9 2730 Herlev &nbsp; Tlf: Ring til Herlev Dyreklinik eller Netdyrl\u00e6ge..<\/p>\n<div class=\"clear-fix\"><\/div>\n<p><a href=\"https:\/\/dyrlaegenet.dk\/\" title=\"read more...\">Read more<\/a><\/p>\n","protected":false},"author":1,"featured_media":0,"parent":0,"menu_order":0,"comment_status":"closed","ping_status":"closed","template":"","meta":{"footnotes":""},"class_list":["post-2","page","type-page","status-publish","hentry"],"_links":{"self":[{"href":"https:\/\/dyrlaegenet.dk\/index.php?rest_route=\/wp\/v2\/pages\/2","targetHints":{"allow":["GET"]}}],"collection":[{"href":"https:\/\/dyrlaegenet.dk\/index.php?rest_route=\/wp\/v2\/pages"}],"about":[{"href":"https:\/\/dyrlaegenet.dk\/index.php?rest_route=\/wp\/v2\/types\/page"}],"author":[{"embeddable":true,"href":"https:\/\/dyrlaegenet.dk\/index.php?rest_route=\/wp\/v2\/users\/1"}],"replies":[{"embeddable":true,"href":"https:\/\/dyrlaegenet.dk\/index.php?rest_route=%2Fwp%2Fv2%2Fcomments&post=2"}],"version-history":[{"count":4,"href":"https:\/\/dyrlaegenet.dk\/index.php?rest_route=\/wp\/v2\/pages\/2\/revisions"}],"predecessor-version":[{"id":10,"href":"https:\/\/dyrlaegenet.dk\/index.php?rest_route=\/wp\/v2\/pages\/2\/revisions\/10"}],"wp:attachment":[{"href":"https:\/\/dyrlaegenet.dk\/index.php?rest_route=%2Fwp%2Fv2%2Fmedia&parent=2"}],"curies":[{"name":"wp","href":"https:\/\/api.w.org\/{rel}","templated":true}]}}