{"id":11,"date":"2019-01-10T21:24:19","date_gmt":"2019-01-10T20:24:19","guid":{"rendered":"https:\/\/dyrlaegenet.dk\/?page_id=11"},"modified":"2019-01-10T21:24:19","modified_gmt":"2019-01-10T20:24:19","slug":"herlev-dyreklinik","status":"publish","type":"page","link":"https:\/\/dyrlaegenet.dk\/?page_id=11","title":{"rendered":"Herlev Dyreklinik"},"content":{"rendered":"\n<p><a href=\"https:\/\/herlevdyreklinik.dk\">Klik her for at komme videre til Herlev Dyreklinik der er dyrl\u00e6ge for hund, kat, kanin og andre k\u00e6ledyr. Dyreklinikken er placeret i Herlev. <\/a><\/p>\n\n\n\n<p>F\u00e5 en moderne dyrl\u00e6ge til din hund. <\/p>\n\n\n\n<p>Herlev Dyreklinik har moderne faciliteter. Der er konsultationsrum, tandbehandling, r\u00f8ntgen, ultralyd og operation. <\/p>\n\n\n\n<p>P\u00e5 Herlev Dyreklinik kan man lave ortop\u00e6dkirurgi, tandl\u00e6ge for dyr og bl\u00f8ddelskirurgi (sterilisation, kastration, fjernelse af knuder og mange andre operation ved hund, kat, kanin og andre k\u00e6ledyr). <\/p>\n\n\n\n<p><\/p>\n","protected":false},"excerpt":{"rendered":"<p>Klik her for at komme videre til Herlev Dyreklinik der er dyrl\u00e6ge for hund, kat, kanin og andre k\u00e6ledyr. Dyreklinikken er placeret i Herlev. F\u00e5 en moderne dyrl\u00e6ge til din hund. Herlev Dyreklinik har moderne faciliteter. Der er konsultationsrum, tandbehandling, r\u00f8ntgen, ultralyd og operation. P\u00e5 Herlev Dyreklinik kan man lave ortop\u00e6dkirurgi, tandl\u00e6ge for dyr og ..<\/p>\n<div class=\"clear-fix\"><\/div>\n<p><a href=\"https:\/\/dyrlaegenet.dk\/?page_id=11\" title=\"read more...\">Read more<\/a><\/p>\n","protected":false},"author":1,"featured_media":0,"parent":0,"menu_order":0,"comment_status":"closed","ping_status":"closed","template":"","meta":{"footnotes":""},"class_list":["post-11","page","type-page","status-publish","hentry"],"_links":{"self":[{"href":"https:\/\/dyrlaegenet.dk\/index.php?rest_route=\/wp\/v2\/pages\/11","targetHints":{"allow":["GET"]}}],"collection":[{"href":"https:\/\/dyrlaegenet.dk\/index.php?rest_route=\/wp\/v2\/pages"}],"about":[{"href":"https:\/\/dyrlaegenet.dk\/index.php?rest_route=\/wp\/v2\/types\/page"}],"author":[{"embeddable":true,"href":"https:\/\/dyrlaegenet.dk\/index.php?rest_route=\/wp\/v2\/users\/1"}],"replies":[{"embeddable":true,"href":"https:\/\/dyrlaegenet.dk\/index.php?rest_route=%2Fwp%2Fv2%2Fcomments&post=11"}],"version-history":[{"count":1,"href":"https:\/\/dyrlaegenet.dk\/index.php?rest_route=\/wp\/v2\/pages\/11\/revisions"}],"predecessor-version":[{"id":12,"href":"https:\/\/dyrlaegenet.dk\/index.php?rest_route=\/wp\/v2\/pages\/11\/revisions\/12"}],"wp:attachment":[{"href":"https:\/\/dyrlaegenet.dk\/index.php?rest_route=%2Fwp%2Fv2%2Fmedia&parent=11"}],"curies":[{"name":"wp","href":"https:\/\/api.w.org\/{rel}","templated":true}]}}